{"id":15,"date":"2023-05-22T09:07:05","date_gmt":"2023-05-22T07:07:05","guid":{"rendered":"https:\/\/capital.gfxdev.hu\/?page_id=15"},"modified":"2025-09-23T13:40:56","modified_gmt":"2025-09-23T11:40:56","slug":"home","status":"publish","type":"page","link":"https:\/\/www.capitalsquare.hu\/hu\/","title":{"rendered":"Home"},"content":{"rendered":"<div id=\"pl-15\"  class=\"panel-layout\" ><div id=\"pg-15-0\"  class=\"panel-grid panel-no-style\" ><div id=\"pgc-15-0-0\"  class=\"panel-grid-cell\" ><\/div><\/div><div id=\"pg-15-1\"  class=\"panel-grid panel-has-style\" ><div id=\"the_building\" class=\"panel-row-style panel-row-style-for-15-1\" ><div id=\"pgc-15-1-0\"  class=\"panel-grid-cell\" ><div id=\"panel-15-1-0-0\" class=\"so-panel widget widget_text panel-first-child\" data-index=\"1\" ><div class=\"row_title panel-widget-style panel-widget-style-for-15-1-0-0\" ><h3 class=\"widget-title\">Az \u00e9p\u00fclet<\/h3>\t\t\t<div class=\"textwidget\"><\/div>\n\t\t<\/div><\/div><div id=\"panel-15-1-0-1\" class=\"so-panel widget widget_text panel-last-child\" data-index=\"2\" ><div id=\"block-thebuilding\" class=\"panel-widget-style panel-widget-style-for-15-1-0-1\" >\t\t\t<div class=\"textwidget\"><p>Capital Square a V\u00e1ci \u00fati \u00fczleti negyed \nmeghat\u00e1roz\u00f3 \u00e9p\u00fclete, t\u00f6megk\u00f6zleked\u00e9ssel \u00e9s  \naut\u00f3val is k\u00f6nnyen megk\u00f6zel\u00edthet\u0151. A l\u00e1togat\u00f3k sz\u00e1m\u00e1ra vend\u00e9gparkol\u00f3 \u00e9s vend\u00e9glift k\u00f6nny\u00edti meg a bejut\u00e1st,  \na gar\u00e1zsban ker\u00e9kp\u00e1rt\u00e1rol\u00f3k \u00e1llnak rendelkez\u00e9sre.  \nA BREEAM-In-Use Very Good min\u0151s\u00edt\u00e9s\u0171 \u00e9p\u00fcletben a b\u00e9rl\u0151k magas preszt\u00edzs\u0171 \u00e9s st\u00edlusos k\u00f6rnyezetben m\u0171k\u00f6dhetnek, a koll\u00e9g\u00e1k  \na bels\u0151 kertben pedig felt\u00f6lt\u0151dhetnek egy k\u00e1v\u00e9 mellett.  \nAz A+ kateg\u00f3ri\u00e1j\u00fa irodah\u00e1zban a b\u00e9rl\u0151k k\u00e9nyelm\u00e9t egyedileg kialak\u00edthat\u00f3 irod\u00e1k \u00e9s a k\u00f6zelben sz\u00e1mos szolg\u00e1ltat\u00e1s \u2013 \u00e9tterem, k\u00e1v\u00e9z\u00f3, bank, \u00e9lelmiszerbolt, fitneszterem \u2013 biztos\u00edtja.<\/p>\n<div id=\"bulding_boxes\">\n<div class=\"bulding_box\">\n<p><img decoding=\"async\" src=\"\/wp-content\/themes\/capital\/images\/34em2.svg\" \/><\/p>\n<div>34 000 m\u00b2\nter\u00fclet<\/div>\n<\/div>\n<div class=\"bulding_box\">\n<p><img decoding=\"async\" src=\"\/wp-content\/themes\/capital\/images\/breeam.svg\" \/><\/p>\n<div class=\" translation-block\">BREEAM-In-Use<br>\r\nVery Good certified<\/div>\n<\/div>\n<div class=\"bulding_box\">\n<p><img decoding=\"async\" src=\"\/wp-content\/themes\/capital\/images\/a4u.svg\" \/><\/p>\n<div class=\" translation-block\">Access4you<br>\r\ncertified<\/div>\n<\/div>\n<\/div>\n<\/div>\n\t\t<\/div><\/div><\/div><\/div><\/div><div id=\"pg-15-2\"  class=\"panel-grid panel-has-style\" ><div class=\"siteorigin-panels-stretch panel-row-style panel-row-style-for-15-2\" id=\"amenities\" data-stretch-type=\"full\" ><div id=\"pgc-15-2-0\"  class=\"panel-grid-cell\" ><div id=\"panel-15-2-0-0\" class=\"so-panel widget widget_text panel-first-child panel-last-child\" data-index=\"3\" ><div class=\"row_title panel-widget-style panel-widget-style-for-15-2-0-0\" ><h3 class=\"widget-title\">Szolg\u00e1ltat\u00e1sok<\/h3>\t\t\t<div class=\"textwidget\"><\/div>\n\t\t<\/div><\/div><\/div><\/div><\/div><div id=\"pg-15-3\"  class=\"panel-grid panel-has-style\" ><div id=\"amenities-details\" class=\"panel-row-style panel-row-style-for-15-3\" ><div id=\"pgc-15-3-0\"  class=\"panel-grid-cell\" ><h3 class=\"widget-title\">Szolg\u00e1ltat\u00e1sok az irodah\u00e1zban<\/h3><div class=\"query query-services-wrapper\">\n\t<div class=\"query-wrapper-content\">\n\t\t\n\t\t\n\t\t<div class=\"query-content\">\n\t\t\t<div class=\"query-unformatted query-services\">\n\t\n\t\t<div class=\"query-row query-row-even query-row-0 query-row-first\">\n\t\t\t\n\t\t\t\t\t\t\t\t\t\t\t\t\t\t\t\t\t\t\t\t\t\t\t\t<div class=\"query-field query-field-featured_image\">\n\t\t\t\t\t\t\t<img loading=\"lazy\" decoding=\"async\" width=\"150\" height=\"150\" src=\"https:\/\/www.capitalsquare.hu\/wp-content\/uploads\/2023\/05\/kavezo.svg\" class=\"attachment-thumbnail size-thumbnail\" alt=\"\" \/>\t\t\t\t\t\t<\/div>\n\t\t\t\t\t\t\t\t\t\t\t\t\t\t\t\t\t\t\t\t<div class=\"query-field query-field-post_title\">\n\t\t\t\t\t\t\tk\u00e1v\u00e9z\u00f3 (hamarosan)\t\t\t\t\t\t<\/div>\n\t\t\t\t\t\t\t\t\t\n\t\t\t\t\t<\/div>\n\n\t\n\t\t<div class=\"query-row query-row-odd query-row-1\">\n\t\t\t\n\t\t\t\t\t\t\t\t\t\t\t\t\t\t\t\t\t\t\t\t\t\t\t\t<div class=\"query-field query-field-featured_image\">\n\t\t\t\t\t\t\t<img loading=\"lazy\" decoding=\"async\" width=\"150\" height=\"150\" src=\"https:\/\/www.capitalsquare.hu\/wp-content\/uploads\/2023\/05\/etterem.svg\" class=\"attachment-thumbnail size-thumbnail\" alt=\"\" \/>\t\t\t\t\t\t<\/div>\n\t\t\t\t\t\t\t\t\t\t\t\t\t\t\t\t\t\t\t\t<div class=\"query-field query-field-post_title\">\n\t\t\t\t\t\t\t\u00e9tterem\t\t\t\t\t\t<\/div>\n\t\t\t\t\t\t\t\t\t\n\t\t\t\t\t<\/div>\n\n\t\n\t\t<div class=\"query-row query-row-even query-row-2\">\n\t\t\t\n\t\t\t\t\t\t\t\t\t\t\t\t\t\t\t\t\t\t\t\t\t\t\t\t<div class=\"query-field query-field-featured_image\">\n\t\t\t\t\t\t\t<img loading=\"lazy\" decoding=\"async\" width=\"150\" height=\"150\" src=\"https:\/\/www.capitalsquare.hu\/wp-content\/uploads\/2023\/05\/bank.svg\" class=\"attachment-thumbnail size-thumbnail\" alt=\"\" \/>\t\t\t\t\t\t<\/div>\n\t\t\t\t\t\t\t\t\t\t\t\t\t\t\t\t\t\t\t\t<div class=\"query-field query-field-post_title\">\n\t\t\t\t\t\t\tbankfi\u00f3k + atm\t\t\t\t\t\t<\/div>\n\t\t\t\t\t\t\t\t\t\n\t\t\t\t\t<\/div>\n\n\t\n\t\t<div class=\"query-row query-row-odd query-row-3\">\n\t\t\t\n\t\t\t\t\t\t\t\t\t\t\t\t\t\t\t\t\t\t\t\t\t\t\t\t<div class=\"query-field query-field-featured_image\">\n\t\t\t\t\t\t\t<img loading=\"lazy\" decoding=\"async\" width=\"150\" height=\"150\" src=\"https:\/\/www.capitalsquare.hu\/wp-content\/uploads\/2023\/05\/P.svg\" class=\"attachment-thumbnail size-thumbnail\" alt=\"\" \/>\t\t\t\t\t\t<\/div>\n\t\t\t\t\t\t\t\t\t\t\t\t\t\t\t\t\t\t\t\t<div class=\"query-field query-field-post_title\">\n\t\t\t\t\t\t\tvend\u00e9g parkol\u00f3\t\t\t\t\t\t<\/div>\n\t\t\t\t\t\t\t\t\t\n\t\t\t\t\t<\/div>\n\n\t\n\t\t<div class=\"query-row query-row-even query-row-4\">\n\t\t\t\n\t\t\t\t\t\t\t\t\t\t\t\t\t\t\t\t\t\t\t\t\t\t\t\t<div class=\"query-field query-field-featured_image\">\n\t\t\t\t\t\t\t<img loading=\"lazy\" decoding=\"async\" width=\"150\" height=\"150\" src=\"https:\/\/www.capitalsquare.hu\/wp-content\/uploads\/2023\/05\/h_uzemeltetes.svg\" class=\"attachment-thumbnail size-thumbnail\" alt=\"\" \/>\t\t\t\t\t\t<\/div>\n\t\t\t\t\t\t\t\t\t\t\t\t\t\t\t\t\t\t\t\t<div class=\"query-field query-field-post_title\">\n\t\t\t\t\t\t\thelyi \u00fczemeltet\u00e9s\t\t\t\t\t\t<\/div>\n\t\t\t\t\t\t\t\t\t\n\t\t\t\t\t<\/div>\n\n\t\n\t\t<div class=\"query-row query-row-odd query-row-5\">\n\t\t\t\n\t\t\t\t\t\t\t\t\t\t\t\t\t\t\t\t\t\t\t\t\t\t\t\t<div class=\"query-field query-field-featured_image\">\n\t\t\t\t\t\t\t<img loading=\"lazy\" decoding=\"async\" width=\"150\" height=\"150\" src=\"https:\/\/www.capitalsquare.hu\/wp-content\/uploads\/2023\/05\/kert.svg\" class=\"attachment-thumbnail size-thumbnail\" alt=\"\" \/>\t\t\t\t\t\t<\/div>\n\t\t\t\t\t\t\t\t\t\t\t\t\t\t\t\t\t\t\t\t<div class=\"query-field query-field-post_title\">\n\t\t\t\t\t\t\tnyugodt, bels\u0151 kert\t\t\t\t\t\t<\/div>\n\t\t\t\t\t\t\t\t\t\n\t\t\t\t\t<\/div>\n\n\t\n\t\t<div class=\"query-row query-row-even query-row-6\">\n\t\t\t\n\t\t\t\t\t\t\t\t\t\t\t\t\t\t\t\t\t\t\t\t\t\t\t\t<div class=\"query-field query-field-featured_image\">\n\t\t\t\t\t\t\t<img loading=\"lazy\" decoding=\"async\" width=\"150\" height=\"150\" src=\"https:\/\/www.capitalsquare.hu\/wp-content\/uploads\/2023\/05\/24h.svg\" class=\"attachment-thumbnail size-thumbnail\" alt=\"\" \/>\t\t\t\t\t\t<\/div>\n\t\t\t\t\t\t\t\t\t\t\t\t\t\t\t\t\t\t\t\t<div class=\"query-field query-field-post_title\">\n\t\t\t\t\t\t\t24 \u00f3r\u00e1s recepci\u00f3\t\t\t\t\t\t<\/div>\n\t\t\t\t\t\t\t\t\t\n\t\t\t\t\t<\/div>\n\n\t\n\t\t<div class=\"query-row query-row-odd query-row-7\">\n\t\t\t\n\t\t\t\t\t\t\t\t\t\t\t\t\t\t\t\t\t\t\t\t\t\t\t\t<div class=\"query-field query-field-featured_image\">\n\t\t\t\t\t\t\t<img loading=\"lazy\" decoding=\"async\" width=\"150\" height=\"150\" src=\"https:\/\/www.capitalsquare.hu\/wp-content\/uploads\/2023\/05\/bicikli.svg\" class=\"attachment-thumbnail size-thumbnail\" alt=\"\" \/>\t\t\t\t\t\t<\/div>\n\t\t\t\t\t\t\t\t\t\t\t\t\t\t\t\t\t\t\t\t<div class=\"query-field query-field-post_title\">\n\t\t\t\t\t\t\tker\u00e9kp\u00e1r-t\u00e1rol\u00f3\t\t\t\t\t\t<\/div>\n\t\t\t\t\t\t\t\t\t\n\t\t\t\t\t<\/div>\n\n\t\n\t\t<div class=\"query-row query-row-even query-row-8 query-row-last\">\n\t\t\t\n\t\t\t\t\t\t\t\t\t\t\t\t\t\t\t\t\t\t\t\t\t\t\t\t<div class=\"query-field query-field-featured_image\">\n\t\t\t\t\t\t\t<img loading=\"lazy\" decoding=\"async\" width=\"150\" height=\"150\" src=\"https:\/\/www.capitalsquare.hu\/wp-content\/uploads\/2023\/05\/iroda.svg\" class=\"attachment-thumbnail size-thumbnail\" alt=\"\" \/>\t\t\t\t\t\t<\/div>\n\t\t\t\t\t\t\t\t\t\t\t\t\t\t\t\t\t\t\t\t<div class=\"query-field query-field-post_title\">\n\t\t\t\t\t\t\tszolg\u00e1ltatott iroda\t\t\t\t\t\t<\/div>\n\t\t\t\t\t\t\t\t\t\n\t\t\t\t\t<\/div>\n\n\t<\/div>\t\t\t\t\t<\/div>\n\n\t\t\t<\/div>\n<\/div><h3 class=\"widget-title\">Szolg\u00e1ltat\u00e1sok a k\u00f6zelben<\/h3><div class=\"query query-services2-wrapper\">\n\t<div class=\"query-wrapper-content\">\n\t\t\n\t\t\n\t\t<div class=\"query-content\">\n\t\t\t<div class=\"query-unformatted query-services2\">\n\t\n\t\t<div class=\"query-row query-row-even query-row-0 query-row-first\">\n\t\t\t\n\t\t\t\t\t\t\t\t\t\t\t\t\t\t\t\t\t\t\t\t\t\t\t\t<div class=\"query-field query-field-featured_image\">\n\t\t\t\t\t\t\t<img loading=\"lazy\" decoding=\"async\" width=\"150\" height=\"150\" src=\"https:\/\/www.capitalsquare.hu\/wp-content\/uploads\/2023\/05\/fitnesz.svg\" class=\"attachment-thumbnail size-thumbnail\" alt=\"\" \/>\t\t\t\t\t\t<\/div>\n\t\t\t\t\t\t\t\t\t\t\t\t\t\t\t\t\t\t\t\t<div class=\"query-field query-field-post_title\">\n\t\t\t\t\t\t\tfitnesz\t\t\t\t\t\t<\/div>\n\t\t\t\t\t\t\t\t\t\n\t\t\t\t\t<\/div>\n\n\t\n\t\t<div class=\"query-row query-row-odd query-row-1\">\n\t\t\t\n\t\t\t\t\t\t\t\t\t\t\t\t\t\t\t\t\t\t\t\t\t\t\t\t<div class=\"query-field query-field-featured_image\">\n\t\t\t\t\t\t\t<img loading=\"lazy\" decoding=\"async\" width=\"150\" height=\"150\" src=\"https:\/\/www.capitalsquare.hu\/wp-content\/uploads\/2023\/05\/elelmiszer.svg\" class=\"attachment-thumbnail size-thumbnail\" alt=\"\" \/>\t\t\t\t\t\t<\/div>\n\t\t\t\t\t\t\t\t\t\t\t\t\t\t\t\t\t\t\t\t<div class=\"query-field query-field-post_title\">\n\t\t\t\t\t\t\t\u00e9lelmiszerbolt\t\t\t\t\t\t<\/div>\n\t\t\t\t\t\t\t\t\t\n\t\t\t\t\t<\/div>\n\n\t\n\t\t<div class=\"query-row query-row-even query-row-2\">\n\t\t\t\n\t\t\t\t\t\t\t\t\t\t\t\t\t\t\t\t\t\t\t\t\t\t\t\t<div class=\"query-field query-field-featured_image\">\n\t\t\t\t\t\t\t<img loading=\"lazy\" decoding=\"async\" width=\"150\" height=\"150\" src=\"https:\/\/www.capitalsquare.hu\/wp-content\/uploads\/2023\/05\/klinika.svg\" class=\"attachment-thumbnail size-thumbnail\" alt=\"\" \/>\t\t\t\t\t\t<\/div>\n\t\t\t\t\t\t\t\t\t\t\t\t\t\t\t\t\t\t\t\t<div class=\"query-field query-field-post_title\">\n\t\t\t\t\t\t\tmag\u00e1nklinika\t\t\t\t\t\t<\/div>\n\t\t\t\t\t\t\t\t\t\n\t\t\t\t\t<\/div>\n\n\t\n\t\t<div class=\"query-row query-row-odd query-row-3\">\n\t\t\t\n\t\t\t\t\t\t\t\t\t\t\t\t\t\t\t\t\t\t\t\t\t\t\t\t<div class=\"query-field query-field-featured_image\">\n\t\t\t\t\t\t\t<img loading=\"lazy\" decoding=\"async\" width=\"150\" height=\"150\" src=\"https:\/\/www.capitalsquare.hu\/wp-content\/uploads\/2023\/05\/drogeria.svg\" class=\"attachment-thumbnail size-thumbnail\" alt=\"\" \/>\t\t\t\t\t\t<\/div>\n\t\t\t\t\t\t\t\t\t\t\t\t\t\t\t\t\t\t\t\t<div class=\"query-field query-field-post_title\">\n\t\t\t\t\t\t\tdrog\u00e9ria\t\t\t\t\t\t<\/div>\n\t\t\t\t\t\t\t\t\t\n\t\t\t\t\t<\/div>\n\n\t\n\t\t<div class=\"query-row query-row-even query-row-4 query-row-last\">\n\t\t\t\n\t\t\t\t\t\t\t\t\t\t\t\t\t\t\t\t\t\t\t\t\t\t\t\t<div class=\"query-field query-field-featured_image\">\n\t\t\t\t\t\t\t<img loading=\"lazy\" decoding=\"async\" width=\"150\" height=\"150\" src=\"https:\/\/www.capitalsquare.hu\/wp-content\/uploads\/2023\/05\/hotel.svg\" class=\"attachment-thumbnail size-thumbnail\" alt=\"\" \/>\t\t\t\t\t\t<\/div>\n\t\t\t\t\t\t\t\t\t\t\t\t\t\t\t\t\t\t\t\t<div class=\"query-field query-field-post_title\">\n\t\t\t\t\t\t\thotel\t\t\t\t\t\t<\/div>\n\t\t\t\t\t\t\t\t\t\n\t\t\t\t\t<\/div>\n\n\t<\/div>\t\t\t\t\t<\/div>\n\n\t\t\t<\/div>\n<\/div><\/div><\/div><\/div><div id=\"pg-15-4\"  class=\"panel-grid panel-has-style\" ><div id=\"location\" class=\"panel-row-style panel-row-style-for-15-4\" ><div id=\"pgc-15-4-0\"  class=\"panel-grid-cell\" ><div id=\"panel-15-4-0-0\" class=\"so-panel widget widget_text panel-first-child panel-last-child\" data-index=\"6\" ><div class=\"row_title panel-widget-style panel-widget-style-for-15-4-0-0\" ><h3 class=\"widget-title\">Elhelyezked\u00e9s<\/h3>\t\t\t<div class=\"textwidget\"><div id=\"address_info\">\n<div id=\"address_text\">1133 Budapest, V\u00e1ci \u00fat 76.<\/div>\n<div id=\"address_logo\"><img decoding=\"async\" src=\"\/wp-content\/themes\/capital\/images\/CS_logo.svg\" \/><\/div>\n<div id=\"address_map\"><img decoding=\"async\" src=\"\/wp-content\/themes\/capital\/images\/map.png\" \/><\/div>\n<\/div>\n<div id=\"map_container\"><div class=\"BorlabsCookie _brlbs-cb-googlemaps\"><div class=\"_brlbs-content-blocker\"> <div class=\"_brlbs-embed _brlbs-google-maps\"> <img decoding=\"async\" class=\"_brlbs-thumbnail\" src=\"https:\/\/www.capitalsquare.hu\/wp-content\/plugins\/borlabs-cookie\/assets\/images\/cb-maps.png\" alt=\"Google Maps\"> <div class=\"_brlbs-caption\"> <p>By loading the map, you agree to Google's privacy policy.<br><a href=\"https:\/\/policies.google.com\/privacy?hl=en&gl=en\" target=\"_blank\" rel=\"nofollow noopener noreferrer\">Learn more<\/a><\/p> <p><a class=\"_brlbs-btn\" href=\"#\" data-borlabs-cookie-unblock role=\"button\">Load map<\/a><\/p> <p><label><input type=\"checkbox\" name=\"unblockAll\" value=\"1\" checked> <small>Always unblock Google Maps<\/small><\/label><\/p> <\/div> <\/div> <\/div><div class=\"borlabs-hide\" data-borlabs-cookie-type=\"content-blocker\" data-borlabs-cookie-id=\"googlemaps\"><script type=\"text\/template\">PGlmcmFtZSBzdHlsZT0iYm9yZGVyOiAwOyIgc3JjPSJodHRwczovL3d3dy5nb29nbGUuY29tL21hcHMvZW1iZWQ\/cGI9ITFtMTghMW0xMiExbTMhMWQxNTI2LjAxNjI1MTY3NDEwMTghMmQxOS4wNjM1Nzg1MjUyNzU5NiEzZDQ3LjUyNDgxMzMxNDA3MzQ4NCEybTMhMWYwITJmMCEzZjAhM20yITFpMTAyNCEyaTc2OCE0ZjEzLjEhM20zITFtMiExczB4NDc0MWRiZjNkMjkxZDMxNyUzQTB4YzYwZjFiMzZiMzI3OTllZCEyelFuVmtZWEJsYzNRc0lGYkRvV05wSU1PNmRDQTNOaXdnTVRFek13ITVlMSEzbTIhMXNodSEyc2h1ITR2MTY4MjUwMzc0ODgxNyE1bTIhMXNodSEyc2h1IiB3aWR0aD0iNjAwIiBoZWlnaHQ9IjQ1MCIgYWxsb3dmdWxsc2NyZWVuPSIiPjwvaWZyYW1lPg==<\/script><\/div><\/div><\/div>\n<\/div>\n\t\t<\/div><\/div><\/div><\/div><\/div><div id=\"pg-15-5\"  class=\"panel-grid panel-has-style\" ><div id=\"gallery\" class=\"panel-row-style panel-row-style-for-15-5\" ><div id=\"pgc-15-5-0\"  class=\"panel-grid-cell\" ><div id=\"panel-15-5-0-0\" class=\"so-panel widget widget_text panel-first-child panel-last-child\" data-index=\"7\" ><div class=\"row_title panel-widget-style panel-widget-style-for-15-5-0-0\" ><h3 class=\"widget-title\">Gal\u00e9ria<\/h3>\t\t\t<div class=\"textwidget\">\n<\/div>\n\t\t<\/div><\/div><\/div><\/div><\/div><div id=\"pg-15-6\"  class=\"panel-grid panel-has-style\" ><div id=\"contact\" class=\"panel-row-style panel-row-style-for-15-6\" ><div id=\"pgc-15-6-0\"  class=\"panel-grid-cell\" ><div id=\"panel-15-6-0-0\" class=\"so-panel widget widget_text panel-first-child panel-last-child\" data-index=\"8\" ><div class=\"row_title panel-widget-style panel-widget-style-for-15-6-0-0\" ><h3 class=\"widget-title\">Kapcsolat<\/h3>\t\t\t<div class=\"textwidget\"><div class=\"maxwidth contextual-region view view-persons-block view-id-persons_block view-display-id-block_1\" data-once=\"ajax-pager\">\n<div class=\"view-header\">\n<p><img decoding=\"async\" src=\"\/wp-content\/themes\/capital\/images\/CS_logo2.svg\" \/><\/p>\n<div class=\"circle_address\">1133 Budapest, V\u00e1ci \u00fat 76.<\/div>\n<\/div>\n<div class=\"view-content view-rows\">\n<div class=\"view-grouping\">\n<div class=\"view-grouping-content\">\n<h3 class=\"view-title\"><img loading=\"lazy\" decoding=\"async\" class=\"image-style-medium\" src=\"\/wp-content\/uploads\/2025\/09\/IMG_0887-scaled.jpg\" alt=\"\" width=\"200\" height=\"200\" \/><\/h3>\n<div class=\"views-row\">\n<div class=\"views-field views-field-title\"><span class=\"field-content\">Gedai Bori<\/span><\/div>\n<div class=\"views-field views-field-field-company\"><\/div>\n<div class=\"views-field views-field-field-phone\">\n<div class=\"field-content\"><a href=\"tel:+36707953580\">+36 70 795 3580<\/a><\/div>\n<\/div>\n<div class=\"views-field views-field-field-email\">\n<div class=\"field-content\"><a href=\"mailto:borbalareka.gedai@cushwake.com\" target=\"_blank\" rel=\"noopener\">borbalareka.gedai@cushwake.com<\/a><\/div>\n<\/div>\n<\/div>\n<\/div>\n<\/div>\n<\/div>\n<\/div>\n<div class=\"view-footer\"><a class=\"button contactformcolorbox\">\u00c9rdekl\u0151d\u00f6m<\/a><\/div>\n<\/div>\n\t\t<\/div><\/div><\/div><\/div><\/div><div id=\"pg-15-7\"  class=\"panel-grid panel-has-style\" ><div id=\"pr-footer\" class=\"panel-row-style panel-row-style-for-15-7\" ><div id=\"pgc-15-7-0\"  class=\"panel-grid-cell\" ><div id=\"panel-15-7-0-0\" class=\"so-panel widget widget_text panel-first-child panel-last-child\" data-index=\"9\" >\t\t\t<div class=\"textwidget\"><p><img decoding=\"async\" src=\"\/wp-content\/themes\/capital\/images\/CS_logo.svg\" \/><\/p>\n<p>Copyright \u00a9 2023, V\u00e1ci 76 Kft.<\/p>\n<\/div>\n\t\t<\/div><\/div><div id=\"pgc-15-7-1\"  class=\"panel-grid-cell\" ><div id=\"panel-15-7-1-0\" class=\"so-panel widget widget_text panel-first-child\" data-index=\"10\" >\t\t\t<div class=\"textwidget\"><p><a href=\"https:\/\/hu.linkedin.com\/company\/ca-immobilien-anlagen-ag\" target=\"_blank\" rel=\"noopener\"><img decoding=\"async\" src=\"\/wp-content\/themes\/capital\/images\/linkdn.svg\" \/><\/a><\/p>\n<ul id=\"footer_menu\">\n<li><a href=\"https:\/\/www.capitalsquare.hu\/hu\/impresszum\/\" target=\"_blank\" rel=\"noopener\">Impresszum<\/a><\/li>\n<li><a href=\"https:\/\/www.capitalsquare.hu\/wp-content\/uploads\/2023\/12\/Website_Privacy_Policy_Capital-Square_HU.pdf\" target=\"_blank\" rel=\"noopener\">Adatv\u00e9delmi szab\u00e1lyzat<\/a><\/li>\n<\/ul>\n<\/div>\n\t\t<\/div><div id=\"panel-15-7-1-1\" class=\"widget_text so-panel widget widget_custom_html panel-last-child\" data-index=\"11\" ><div class=\"widget_text panel-widget-style panel-widget-style-for-15-7-1-1\" ><div class=\"textwidget custom-html-widget\"><a href=\"#\" class=\"borlabs-cookie-preference\">Cookie be\u00e1ll\u00edt\u00e1sok<\/a><\/div><\/div><\/div><\/div><div id=\"pgc-15-7-2\"  class=\"panel-grid-cell\" ><div id=\"panel-15-7-2-0\" class=\"so-panel widget widget_text panel-first-child panel-last-child\" data-index=\"12\" >\t\t\t<div class=\"textwidget\"><div>B\u00e9rbead\u00f3 \u00fcgyn\u00f6ks\u00e9g<\/div>\n<p><a href=\"https:\/\/www.cushmanwakefield.com\/hu-hu\/hungary\/offices\/budapest\" target=\"_blank\" rel=\"noopener\"><img decoding=\"async\" src=\"\/wp-content\/themes\/capital\/images\/cushman_logo.svg\" \/><\/a><\/p>\n<\/div>\n\t\t<\/div><\/div><div id=\"pgc-15-7-3\"  class=\"panel-grid-cell\" ><div id=\"panel-15-7-3-0\" class=\"so-panel widget widget_text panel-first-child panel-last-child\" data-index=\"13\" >\t\t\t<div class=\"textwidget\"><div>A Capital Square tulajdonosa a<\/div>\n<p><a href=\"https:\/\/www.caimmo.hu\/hu\" target=\"_blank\" rel=\"noopener\"><img decoding=\"async\" src=\"\/wp-content\/themes\/capital\/images\/caimmo_logo.svg\" \/><\/a><\/p>\n<\/div>\n\t\t<\/div><\/div><\/div><\/div><\/div>","protected":false},"excerpt":{"rendered":"<p>The building Capital Square is a defining building of the V\u00e1ci \u00fat business district, easily accessible by public transport and car. Visitors have access to guest parking and a guest &#8230;<\/p>","protected":false},"author":1,"featured_media":0,"parent":0,"menu_order":0,"comment_status":"closed","ping_status":"closed","template":"template-fullwidth-stretched.php","meta":{"inline_featured_image":false,"footnotes":""},"class_list":["post-15","page","type-page","status-publish","hentry"],"acf":[],"_links":{"self":[{"href":"https:\/\/www.capitalsquare.hu\/hu\/wp-json\/wp\/v2\/pages\/15","targetHints":{"allow":["GET"]}}],"collection":[{"href":"https:\/\/www.capitalsquare.hu\/hu\/wp-json\/wp\/v2\/pages"}],"about":[{"href":"https:\/\/www.capitalsquare.hu\/hu\/wp-json\/wp\/v2\/types\/page"}],"author":[{"embeddable":true,"href":"https:\/\/www.capitalsquare.hu\/hu\/wp-json\/wp\/v2\/users\/1"}],"replies":[{"embeddable":true,"href":"https:\/\/www.capitalsquare.hu\/hu\/wp-json\/wp\/v2\/comments?post=15"}],"version-history":[{"count":104,"href":"https:\/\/www.capitalsquare.hu\/hu\/wp-json\/wp\/v2\/pages\/15\/revisions"}],"predecessor-version":[{"id":338,"href":"https:\/\/www.capitalsquare.hu\/hu\/wp-json\/wp\/v2\/pages\/15\/revisions\/338"}],"wp:attachment":[{"href":"https:\/\/www.capitalsquare.hu\/hu\/wp-json\/wp\/v2\/media?parent=15"}],"curies":[{"name":"wp","href":"https:\/\/api.w.org\/{rel}","templated":true}]}}